{"id":2328,"date":"2023-03-13T10:10:02","date_gmt":"2023-03-13T10:10:02","guid":{"rendered":"https:\/\/fleusy.site.transip.me\/?page_id=2328"},"modified":"2023-03-16T15:32:05","modified_gmt":"2023-03-16T15:32:05","slug":"ueber-uns","status":"publish","type":"page","link":"https:\/\/fleurenblumen.com\/de\/ueber-uns\/","title":{"rendered":"\u00dcber uns"},"content":{"rendered":"<div class=\"fusion-fullwidth fullwidth-box fusion-builder-row-1 fusion-flex-container has-pattern-background has-mask-background nonhundred-percent-fullwidth non-hundred-percent-height-scrolling\" style=\"--awb-border-radius-top-left:0px;--awb-border-radius-top-right:0px;--awb-border-radius-bottom-right:0px;--awb-border-radius-bottom-left:0px;--awb-margin-top:5%;--awb-margin-bottom:5%;\" ><div class=\"fusion-builder-row fusion-row fusion-flex-align-items-flex-start\" style=\"max-width:1248px;margin-left: calc(-4% \/ 2 );margin-right: calc(-4% \/ 2 );\"><div class=\"fusion-layout-column fusion_builder_column fusion-builder-column-0 fusion_builder_column_1_2 1_2 fusion-flex-column fusion-animated\" style=\"--awb-padding-bottom:79px;--awb-bg-image:url(&#039;https:\/\/fleusy.site.transip.me\/wp-content\/uploads\/2023\/03\/52370315175_f0fbfc12f7_b.jpg&#039;);--awb-bg-size:cover;--awb-width-large:50%;--awb-margin-top-large:0px;--awb-spacing-right-large:3.84%;--awb-margin-bottom-large:0px;--awb-spacing-left-large:0%;--awb-width-medium:50%;--awb-order-medium:0;--awb-spacing-right-medium:3.84%;--awb-spacing-left-medium:0%;--awb-width-small:100%;--awb-order-small:0;--awb-spacing-right-small:1.92%;--awb-spacing-left-small:1.92%;\" data-animationType=\"fadeInLeft\" data-animationDuration=\"1.0\" data-animationDelay=\"0.3\" data-animationOffset=\"top-into-view\"><div class=\"fusion-column-wrapper fusion-column-has-shadow fusion-flex-justify-content-flex-start fusion-content-layout-column fusion-empty-column-bg-image\" data-bg-url=\"https:\/\/fleusy.site.transip.me\/wp-content\/uploads\/2023\/03\/52370315175_f0fbfc12f7_b.jpg\"><img decoding=\"async\" class=\"fusion-empty-dims-img-placeholder fusion-no-large-visibility\" src=\"data:image\/gif;base64,R0lGODlhAQABAAAAACH5BAEKAAEALAAAAAABAAEAAAICTAEAOw==\"><\/div><\/div><div class=\"fusion-layout-column fusion_builder_column fusion-builder-column-1 fusion_builder_column_1_2 1_2 fusion-flex-column fusion-animated\" style=\"--awb-bg-size:cover;--awb-width-large:50%;--awb-margin-top-large:0px;--awb-spacing-right-large:3.84%;--awb-margin-bottom-large:20px;--awb-spacing-left-large:9.6%;--awb-width-medium:50%;--awb-order-medium:0;--awb-spacing-right-medium:3.84%;--awb-spacing-left-medium:9.6%;--awb-width-small:100%;--awb-order-small:0;--awb-spacing-right-small:1.92%;--awb-spacing-left-small:1.92%;\" data-animationType=\"fadeInRight\" data-animationDuration=\"0.6\" data-animationOffset=\"bottom-in-view\"><div class=\"fusion-column-wrapper fusion-column-has-shadow fusion-flex-justify-content-flex-start fusion-content-layout-column\"><div class=\"fusion-text fusion-text-1\"><p>Gebroeders Fleuren liefert niederl\u00e4ndische Blumen und Pflanzen an Wiederverk\u00e4ufer im Norden und Nordosten Deutschlands. Unsere LKW fahren w\u00f6chentlich mit ihrem vielseitigen, bunten Angebot ihre Touren. Unsere Kunden treffen ihre Wahl vor Ort oder erhalten die Produkte, die sie bestellt haben \u00fcber Telefon, Fax oder \u00fcber unseren Online-Shop. Qualit\u00e4t ist bei uns oberstes Gebot.<\/p>\n<p>Unsere eigenen Eink\u00e4ufer, aber auch die Mitarbeiter der Einkaufsorganisation, an die wir angeschlossen sind, b\u00fcrgen daf\u00fcr. Sie befinden sich t\u00e4glich auf verschiedenen niederl\u00e4ndischen Versteigerungen oder kaufen direkt beim Z\u00fcchter. Auf diese Weise finden sie immer die besten Produkte f\u00fcr einen ehrlichen Preis.<\/p>\n<\/div><\/div><\/div><\/div><\/div>\n","protected":false},"excerpt":{"rendered":"","protected":false},"author":1,"featured_media":0,"parent":0,"menu_order":0,"comment_status":"closed","ping_status":"closed","template":"100-width.php","meta":{"footnotes":""},"class_list":["post-2328","page","type-page","status-publish","hentry"],"_links":{"self":[{"href":"https:\/\/fleurenblumen.com\/de\/wp-json\/wp\/v2\/pages\/2328","targetHints":{"allow":["GET"]}}],"collection":[{"href":"https:\/\/fleurenblumen.com\/de\/wp-json\/wp\/v2\/pages"}],"about":[{"href":"https:\/\/fleurenblumen.com\/de\/wp-json\/wp\/v2\/types\/page"}],"author":[{"embeddable":true,"href":"https:\/\/fleurenblumen.com\/de\/wp-json\/wp\/v2\/users\/1"}],"replies":[{"embeddable":true,"href":"https:\/\/fleurenblumen.com\/de\/wp-json\/wp\/v2\/comments?post=2328"}],"version-history":[{"count":2,"href":"https:\/\/fleurenblumen.com\/de\/wp-json\/wp\/v2\/pages\/2328\/revisions"}],"predecessor-version":[{"id":2330,"href":"https:\/\/fleurenblumen.com\/de\/wp-json\/wp\/v2\/pages\/2328\/revisions\/2330"}],"wp:attachment":[{"href":"https:\/\/fleurenblumen.com\/de\/wp-json\/wp\/v2\/media?parent=2328"}],"curies":[{"name":"wp","href":"https:\/\/api.w.org\/{rel}","templated":true}]}}